{"id":25,"date":"2022-10-18T08:34:33","date_gmt":"2022-10-18T08:34:33","guid":{"rendered":"https:\/\/immoshare-frankfurt.com\/?page_id=25"},"modified":"2025-11-21T18:12:43","modified_gmt":"2025-11-21T18:12:43","slug":"imprint","status":"publish","type":"page","link":"https:\/\/immoshare-frankfurt.com\/?page_id=25","title":{"rendered":"Imprint"},"content":{"rendered":"<h1>Imprint<\/h1>\n<h2>Anschrift<\/h2>\n<div>Majeed Shams <br \/>\nImmoshare Frankfurt, Wohnraumvermietung <br \/>\nDieburger Str. 50 <br \/>\n63322 R\u00f6dermark <\/div>\n<h2>Hauptsitz<\/h2>\n<div>Dieburger Str. 50 <br \/>\n63322 R\u00f6dermark <\/div>\n<h2>Kontakt<\/h2>\n<ul>\n<li>\n<p><a href=\"tel:069795882-55\">+ 069795882-55<\/a><\/p>\n<\/li>\n<li>\n<p><a href=\"tel:015151864090\">+ 015151864090<\/a><\/p>\n<\/li>\n<li>\n<p><a href=\"mailto:booking@immoshare-frankfurt.com\">booking@immoshare-frankfurt.com<\/a><\/p>\n<\/li>\n<\/ul>\n<h2>Haftungsausschluss<\/h2>\n<div>Wir sind bem\u00fcht, auf unserer Webseite vollst\u00e4ndige und richtige Inhalte bereitzustellen. Dennoch m\u00fcssen wir f\u00fcr die Korrektheit, Aktualit\u00e4t, Qualit\u00e4t und Vollst\u00e4ndigkeit jede Gew\u00e4hr oder Haftung ausschlie\u00dfen. Dies gilt auch f\u00fcr alle Inhalte, wie Hyperlinks die wir auf unserer Webseite anbieten. Zudem haften wir nicht f\u00fcr die Sch\u00e4den, die auf Inhalte zur\u00fcckgef\u00fchrt werden k\u00f6nnen, die auf diesen fremden Webseiten stehen. <br \/>\nWir sind nicht bereit oder verpflichtet, an Streitbeilegungsverfahren vor einer Verbraucherschlichtungsstelle teilzunehmen.<\/div>\n<h2>Urheberrecht<\/h2>\n<div>\n<p>Alle Texte, Fotos und Inhalte dieser Webseite sind gesch\u00fctzt. Die Verwendung au\u00dferhalb des Urheberrechtsgesetzes ist ohne unsere Zustimmung untersagt.<\/p>\n<\/div>\n<p><!--more--><br \/>\n<!-- {\"type\":\"layout\",\"children\":[{\"type\":\"section\",\"props\":{\"header_transparent\":true,\"header_transparent_text_color\":\"dark\",\"image_position\":\"center-center\",\"style\":\"muted\",\"title_breakpoint\":\"xl\",\"title_position\":\"top-left\",\"title_rotation\":\"left\",\"vertical_align\":\"\",\"width\":\"small\"},\"children\":[{\"type\":\"row\",\"props\":{\"column_gap\":\"large\"},\"children\":[{\"type\":\"column\",\"props\":{\"image_position\":\"center-center\",\"position_sticky_breakpoint\":\"m\"},\"children\":[{\"type\":\"headline\",\"props\":{\"content\":\"Imprint\",\"css\":\".el-element { \\n    text-transform: capitalize;\\n    font-style: italic;\\n}\",\"position_z_index\":\"1\",\"text_align\":\"center\",\"title_element\":\"h1\",\"title_style\":\"heading-2xlarge\"},\"name\":\"headline italic\"},{\"type\":\"headline\",\"props\":{\"content\":\"Anschrift\",\"margin\":\"small\",\"margin_remove_top\":true,\"title_element\":\"h2\",\"title_style\":\"h6\"}},{\"type\":\"text\",\"props\":{\"column_breakpoint\":\"m\",\"content\":\"Majeed Shams <br \/>\\nImmoshare Frankfurt, Wohnraumvermietung <br \/>\\nDieburger Str. 50 <br \/>\\n63322 R\\u00f6dermark <br \/>\",\"margin\":\"medium\",\"margin_remove_top\":true}},{\"type\":\"headline\",\"props\":{\"content\":\"Hauptsitz\",\"margin\":\"small\",\"margin_remove_top\":true,\"title_element\":\"h2\",\"title_style\":\"h6\"}},{\"type\":\"text\",\"props\":{\"column_breakpoint\":\"m\",\"content\":\"Dieburger Str. 50 <br \/>\\n63322 R\\u00f6dermark \",\"margin\":\"medium\",\"margin_remove_top\":true}},{\"type\":\"headline\",\"props\":{\"content\":\"Kontakt\",\"margin\":\"small\",\"margin_remove_top\":true,\"title_element\":\"h2\",\"title_style\":\"h6\"}},{\"type\":\"list\",\"props\":{\"column_breakpoint\":\"m\",\"image_align\":\"left\",\"image_svg_color\":\"emphasis\",\"image_vertical_align\":true,\"list_element\":\"ul\",\"list_horizontal_separator\":\", \",\"list_type\":\"vertical\",\"margin\":\"large\",\"margin_remove_top\":true,\"show_image\":true,\"show_link\":true},\"children\":[{\"type\":\"list_item\",\"props\":{\"content\":\"+ 069795882-55\",\"link\":\"tel:069795882-55\"}},{\"type\":\"list_item\",\"props\":{\"content\":\"+ 015151864090\",\"link\":\"tel:015151864090\"}},{\"type\":\"list_item\",\"props\":{\"content\":\"booking@immoshare-frankfurt.com\",\"link\":\"mailto:booking@immoshare-frankfurt.com\"}}]},{\"type\":\"headline\",\"props\":{\"content\":\"Haftungsausschluss\",\"margin\":\"small\",\"margin_remove_top\":true,\"title_element\":\"h2\",\"title_style\":\"h3\"}},{\"type\":\"text\",\"props\":{\"column_breakpoint\":\"m\",\"content\":\"Wir sind bem\\u00fcht, auf unserer Webseite vollst\\u00e4ndige und richtige Inhalte bereitzustellen. Dennoch m\\u00fcssen wir f\\u00fcr die Korrektheit, Aktualit\\u00e4t, Qualit\\u00e4t und Vollst\\u00e4ndigkeit jede Gew\\u00e4hr oder Haftung ausschlie\\u00dfen. Dies gilt auch f\\u00fcr alle Inhalte, wie Hyperlinks die wir auf unserer Webseite anbieten. Zudem haften wir nicht f\\u00fcr die Sch\\u00e4den, die auf Inhalte zur\\u00fcckgef\\u00fchrt werden k\\u00f6nnen, die auf diesen fremden Webseiten stehen. <br \/>\\nWir sind nicht bereit oder verpflichtet, an Streitbeilegungsverfahren vor einer Verbraucherschlichtungsstelle teilzunehmen.\",\"margin\":\"large\",\"margin_remove_top\":true,\"maxwidth\":\"large\"}},{\"type\":\"headline\",\"props\":{\"content\":\"Urheberrecht\",\"margin\":\"small\",\"margin_remove_top\":true,\"title_element\":\"h2\",\"title_style\":\"h3\"}},{\"type\":\"text\",\"props\":{\"column_breakpoint\":\"m\",\"content\":\"\n\n<p>Alle Texte, Fotos und Inhalte dieser Webseite sind gesch\\u00fctzt. Die Verwendung au\\u00dferhalb des Urheberrechtsgesetzes ist ohne unsere Zustimmung untersagt.<\\\/p>\",\"margin\":\"large\",\"margin_remove_top\":true,\"maxwidth\":\"large\"}}]}]}],\"name\":\"Imprint\"}],\"version\":\"4.5.21\"} --><\/p>\n","protected":false},"excerpt":{"rendered":"<p>Imprint Anschrift Majeed Shams Immoshare Frankfurt, Wohnraumvermietung Dieburger Str. 50 63322 R\u00f6dermark Hauptsitz Dieburger Str. 50 63322 R\u00f6dermark Kontakt + 069795882-55 + 015151864090 booking@immoshare-frankfurt.com Haftungsausschluss Wir sind bem\u00fcht, auf unserer Webseite vollst\u00e4ndige und richtige Inhalte bereitzustellen. Dennoch m\u00fcssen wir f\u00fcr die Korrektheit, Aktualit\u00e4t, Qualit\u00e4t und Vollst\u00e4ndigkeit jede Gew\u00e4hr oder Haftung ausschlie\u00dfen. Dies gilt auch f\u00fcr [&hellip;]<\/p>\n","protected":false},"author":1,"featured_media":0,"parent":0,"menu_order":0,"comment_status":"closed","ping_status":"closed","template":"","meta":{"_acf_changed":false,"content-type":"","footnotes":""},"class_list":["post-25","page","type-page","status-publish","hentry"],"acf":[],"jetpack_sharing_enabled":true,"_links":{"self":[{"href":"https:\/\/immoshare-frankfurt.com\/index.php?rest_route=\/wp\/v2\/pages\/25","targetHints":{"allow":["GET"]}}],"collection":[{"href":"https:\/\/immoshare-frankfurt.com\/index.php?rest_route=\/wp\/v2\/pages"}],"about":[{"href":"https:\/\/immoshare-frankfurt.com\/index.php?rest_route=\/wp\/v2\/types\/page"}],"author":[{"embeddable":true,"href":"https:\/\/immoshare-frankfurt.com\/index.php?rest_route=\/wp\/v2\/users\/1"}],"replies":[{"embeddable":true,"href":"https:\/\/immoshare-frankfurt.com\/index.php?rest_route=%2Fwp%2Fv2%2Fcomments&post=25"}],"version-history":[{"count":15,"href":"https:\/\/immoshare-frankfurt.com\/index.php?rest_route=\/wp\/v2\/pages\/25\/revisions"}],"predecessor-version":[{"id":2352,"href":"https:\/\/immoshare-frankfurt.com\/index.php?rest_route=\/wp\/v2\/pages\/25\/revisions\/2352"}],"wp:attachment":[{"href":"https:\/\/immoshare-frankfurt.com\/index.php?rest_route=%2Fwp%2Fv2%2Fmedia&parent=25"}],"curies":[{"name":"wp","href":"https:\/\/api.w.org\/{rel}","templated":true}]}}