{"id":1,"date":"2019-09-05T08:43:56","date_gmt":"2019-09-05T08:43:56","guid":{"rendered":"https:\/\/immoshare-frankfurt.com\/?page_id=1"},"modified":"2025-11-24T09:32:23","modified_gmt":"2025-11-24T09:32:23","slug":"home","status":"publish","type":"page","link":"https:\/\/immoshare-frankfurt.com\/","title":{"rendered":"Home"},"content":{"rendered":"<h2>Bequeme<\/h2>\n<div>Apartments nahe Frankfurt<\/div>\n<h2>Ankommen und wohlf\u00fchlen \u2013 unser modern ausgestattetes Apartment nahe Frankfurt bietet Ihnen Komfort, Ruhe und eine hervorragende Lage, ideal f\u00fcr Gesch\u00e4ftsreisen, St\u00e4dtetrips oder l\u00e4ngere Aufenthalte.<br \/>\n<\/h2>\n<p><p>\n        <a href=\"\/?page_id=3\">Buchen<\/a>\n    <\/p>\n<\/p>\n<p><img decoding=\"async\" src=\"\/wp-content\/uploads\/2025\/11\/roedermark_9.jpg\" alt=\"\"><br \/>\n<img decoding=\"async\" src=\"\/wp-content\/uploads\/2025\/11\/roedermark_10.jpg\" alt=\"\"><br \/>\n<img decoding=\"async\" src=\"\/wp-content\/uploads\/2025\/11\/roedermark_4.jpg\" alt=\"\"><br \/>\n<img decoding=\"async\" src=\"\/wp-content\/uploads\/2025\/11\/roedermark_2.jpg\" alt=\"\"><br \/>\n<img decoding=\"async\" src=\"\/wp-content\/uploads\/yootheme\/home-project-03.jpg\" alt=\"\"><\/p>\n<h1>R\u00f6dermark<\/h1>\n<div>Die Unterkunft ist eine stilvoll eingerichtete 3-Zimmer-Wohnung, die komplett oder als 2-Zimmer- und 1-Zimmer-Einheit vermietet werden kann. Alle R\u00e4ume sind voll m\u00f6bliert und mit einer komplett ausgestatteten K\u00fcche, Kaffeemaschine, Waschmaschine sowie allen wichtigen Haushaltsger\u00e4ten und Utensilien eingerichtet. Im Innenhof gibt es kostenpflichtige Parkpl\u00e4tze f\u00fcr PKW und kleine Transporter; nach Absprache k\u00f6nnen auch Elektrofahrzeuge abgestellt und geladen werden. Unser internationales Team spricht Deutsch, Englisch, Niederl\u00e4ndisch und Persisch und unterst\u00fctzt G\u00e4ste jederzeit, damit sie sich wie zu Hause f\u00fchlen.<\/div>\n<ul>\n<li>\n<p>        <img decoding=\"async\" src=\"\/wp-content\/uploads\/2025\/11\/roedermark_4.jpg\" alt=\"\"><\/p>\n<\/li>\n<li>\n<p>        <img decoding=\"async\" src=\"\/wp-content\/uploads\/2025\/11\/roedermark_8.jpg\" alt=\"\"><\/p>\n<\/li>\n<li>\n<p>        <img decoding=\"async\" src=\"\/wp-content\/uploads\/2025\/11\/roedermark_3.jpg\" alt=\"\"><\/p>\n<\/li>\n<li>\n<p>        <img decoding=\"async\" src=\"\/wp-content\/uploads\/2025\/11\/roedermark_6.jpg\" alt=\"\"><\/p>\n<\/li>\n<li>\n<p>        <img decoding=\"async\" src=\"\/wp-content\/uploads\/2025\/11\/roedermark_2.jpg\" alt=\"\"><\/p>\n<\/li>\n<li>\n<p>        <img decoding=\"async\" src=\"\/wp-content\/uploads\/2025\/11\/roedermark_7.jpg\" alt=\"\"><\/p>\n<\/li>\n<li>\n<p>        <img decoding=\"async\" src=\"\/wp-content\/uploads\/2025\/11\/roedermark_9.jpg\" alt=\"\"><\/p>\n<\/li>\n<li>\n<p>        <img decoding=\"async\" src=\"\/wp-content\/uploads\/2025\/11\/roedermark_10.jpg\" alt=\"\"><\/p>\n<\/li>\n<li>\n<p>        <img decoding=\"async\" src=\"\/wp-content\/uploads\/2025\/11\/roedermark_11.jpg\" alt=\"\"><\/p>\n<\/li>\n<li>\n<p>        <img decoding=\"async\" src=\"\/wp-content\/uploads\/2025\/11\/roedermark_13.jpg\" alt=\"\"><\/p>\n<\/li>\n<li>\n<p>        <img decoding=\"async\" src=\"\/wp-content\/uploads\/2025\/11\/roedermark_15.jpg\" alt=\"\"><\/p>\n<\/li>\n<li>\n<p>        <img decoding=\"async\" src=\"\/wp-content\/uploads\/2025\/11\/roedermark_14.jpg\" alt=\"\"><\/p>\n<\/li>\n<\/ul>\n<div>\n<p>Mehr Fotos durch Wischen<\/p>\n<\/div>\n<div>Die Wohnung liegt zentral nahe der S-Bahn-Station Ober-Roden mit direkter Verbindung nach Frankfurt. Frankfurt, Darmstadt, Aschaffenburg und der Flughafen sind in 20\u201335 Minuten erreichbar. Gesch\u00e4fte und Dienstleistungen des t\u00e4glichen Bedarfs sind fu\u00dfl\u00e4ufig vorhanden. Die ruhige, gut angebundene Lage eignet sich ideal f\u00fcr Gesch\u00e4ftsreisende, Pendler und Messebesucher.<\/div>\n<p><p>\n        <a href=\"\/?page_id=3\">Buchen<\/a>\n    <\/p>\n<\/p>\n<h1>R\u00f6dermark<\/h1>\n<p><p>\n        <a href=\"\/?page_id=3\">Buchen<\/a>\n    <\/p>\n<\/p>\n<h1>WLAN Inklusive<\/h1>\n<h1>5 Schlafpl\u00e4tze<\/h1>\n<h1>Nichtraucher<\/h1>\n<h1>Haustiere erlaubt<\/h1>\n<div>Die Unterkunft ist eine stilvoll eingerichtete 3-Zimmer-Wohnung, die flexibel als gesamtes Apartment oder getrennt als 2-Zimmer- und 1-Zimmer-Einheit vermietet werden kann und ideal f\u00fcr verschiedene Bed\u00fcrfnisse ist. Alle R\u00e4ume sind voll m\u00f6bliert und umfassend mit Ger\u00e4ten ausgestattet \u2013 darunter eine komplett eingerichtete K\u00fcche, Kaffeemaschine, Waschmaschine sowie verschiedene Haushaltsger\u00e4te und wichtige Alltagsutensilien, sodass nichts fehlt. Im Innenhof stehen kostenpflichtige Parkpl\u00e4tze f\u00fcr PKW und kleine Transporter (VAN) zur Verf\u00fcgung; nach Absprache k\u00f6nnen dort auch Elektrofahrzeuge abgestellt und geladen werden.<\/div>\n<ul>\n<li>\n<p>        <img decoding=\"async\" src=\"\/wp-content\/uploads\/2025\/11\/roedermark_4.jpg\" alt=\"\"><\/p>\n<\/li>\n<li>\n<p>        <img decoding=\"async\" src=\"\/wp-content\/uploads\/2025\/11\/roedermark_8.jpg\" alt=\"\"><\/p>\n<\/li>\n<li>\n<p>        <img decoding=\"async\" src=\"\/wp-content\/uploads\/2025\/11\/roedermark_3.jpg\" alt=\"\"><\/p>\n<\/li>\n<li>\n<p>        <img decoding=\"async\" src=\"\/wp-content\/uploads\/2025\/11\/roedermark_6.jpg\" alt=\"\"><\/p>\n<\/li>\n<li>\n<p>        <img decoding=\"async\" src=\"\/wp-content\/uploads\/2025\/11\/roedermark_2.jpg\" alt=\"\"><\/p>\n<\/li>\n<li>\n<p>        <img decoding=\"async\" src=\"\/wp-content\/uploads\/2025\/11\/roedermark_7.jpg\" alt=\"\"><\/p>\n<\/li>\n<li>\n<p>        <img decoding=\"async\" src=\"\/wp-content\/uploads\/2025\/11\/roedermark_9.jpg\" alt=\"\"><\/p>\n<\/li>\n<li>\n<p>        <img decoding=\"async\" src=\"\/wp-content\/uploads\/2025\/11\/roedermark_10.jpg\" alt=\"\"><\/p>\n<\/li>\n<li>\n<p>        <img decoding=\"async\" src=\"\/wp-content\/uploads\/2025\/11\/roedermark_11.jpg\" alt=\"\"><\/p>\n<\/li>\n<li>\n<p>        <img decoding=\"async\" src=\"\/wp-content\/uploads\/2025\/11\/roedermark_13.jpg\" alt=\"\"><\/p>\n<\/li>\n<li>\n<p>        <img decoding=\"async\" src=\"\/wp-content\/uploads\/2025\/11\/roedermark_15.jpg\" alt=\"\"><\/p>\n<\/li>\n<li>\n<p>        <img decoding=\"async\" src=\"\/wp-content\/uploads\/2025\/11\/roedermark_14.jpg\" alt=\"\"><\/p>\n<\/li>\n<\/ul>\n<div>\n<p> Wir sind ein internationales, herzliches Gastgeber-Team und sprechen Deutsch, Englisch, Niederl\u00e4ndisch und Persisch. Wir unterst\u00fctzen unsere G\u00e4ste jederzeit und m\u00f6chten, dass Sie sich bei uns wie zu Hause f\u00fchlen.<\/p>\n<p> Die Wohnung liegt zentral nahe der S-Bahn-Station Ober-Roden mit direkter Verbindung nach Frankfurt. Frankfurt, Darmstadt, Aschaffenburg und der Flughafen sind in 20\u201335 Minuten erreichbar. In der Umgebung finden Sie zahlreiche Gesch\u00e4fte und Dienstleistungen des t\u00e4glichen Bedarfs \u2013 alles fu\u00dfl\u00e4ufig. Die Lage ist ruhig und zugleich ideal angebunden, perfekt f\u00fcr Gesch\u00e4ftsreisende, Pendler und Messebesucher.<\/p>\n<\/div>\n<p><!--more--><br \/>\n<!-- {\"type\":\"layout\",\"children\":[{\"type\":\"section\",\"props\":{\"image_position\":\"center-center\",\"padding\":\"small\",\"padding_remove_bottom\":false,\"padding_remove_top\":false,\"style\":\"muted\",\"title_breakpoint\":\"xl\",\"title_position\":\"top-left\",\"title_rotation\":\"left\",\"vertical_align\":\"\",\"width\":\"expand\"},\"children\":[{\"type\":\"row\",\"children\":[{\"type\":\"column\",\"props\":{\"image_position\":\"center-center\",\"position_sticky_breakpoint\":\"m\"},\"children\":[{\"type\":\"headline\",\"props\":{\"animation\":\"parallax\",\"content\":\"Bequeme\",\"parallax_target\":\"!.uk-section\",\"parallax_y\":\"0,0 35%,45vh 60%\",\"text_align\":\"center\",\"title_element\":\"h2\",\"title_style\":\"h6\"}},{\"type\":\"headline\",\"props\":{\"animation\":\"parallax\",\"block_align\":\"center\",\"content\":\"Apartments nahe Frankfurt\",\"margin\":\"small\",\"parallax_target\":\"!.uk-section\",\"parallax_y\":\"0 35%,45vh 60%\",\"position\":\"relative\",\"position_z_index\":\"0\",\"text_align\":\"center\",\"title_element\":\"div\",\"title_style\":\"heading-medium\"}},{\"type\":\"headline\",\"props\":{\"animation\":\"parallax\",\"content\":\"Ankommen und wohlf\\u00fchlen \\u2013 unser modern ausgestattetes Apartment nahe Frankfurt bietet Ihnen Komfort, Ruhe und eine hervorragende Lage, ideal f\\u00fcr Gesch\\u00e4ftsreisen, St\\u00e4dtetrips oder l\\u00e4ngere Aufenthalte.\\n\",\"parallax_target\":\"!.uk-section\",\"parallax_y\":\"0,0 35%,45vh 60%\",\"text_align\":\"center\",\"title_element\":\"h2\",\"title_style\":\"h6\"}},{\"type\":\"button\",\"props\":{\"animation\":\"parallax\",\"grid_column_gap\":\"small\",\"grid_row_gap\":\"small\",\"margin\":\"medium\",\"parallax_target\":\"!.uk-section\",\"parallax_y\":\"0,0 35%,45vh 60%\",\"text_align\":\"center\"},\"children\":[{\"type\":\"button_item\",\"props\":{\"button_style\":\"default\",\"content\":\"Buchen\",\"dialog_layout\":\"modal\",\"dialog_offcanvas_flip\":true,\"icon_align\":\"left\",\"link\":\"?page_id=3\"}}]}]}]},{\"type\":\"row\",\"props\":{\"column_gap\":\"collapse\",\"layout\":\"1-3,1-3,1-3\",\"margin\":\"xlarge\",\"row_gap\":\"collapse\"},\"children\":[{\"type\":\"column\",\"props\":{\"image_position\":\"center-center\",\"position_sticky_breakpoint\":\"m\",\"vertical_align\":\"middle\",\"width_default\":\"1-5\",\"width_medium\":\"1-3\"},\"children\":[{\"type\":\"image\",\"props\":{\"animation\":\"parallax\",\"image\":\"wp-content\\\/uploads\\\/2025\\\/11\\\/roedermark_9.jpg\",\"image_svg_color\":\"emphasis\",\"image_width\":\"510\",\"margin\":\"default\",\"parallax_easing\":\"0.5\",\"parallax_transform_origin\":\"center-left\",\"parallax_y\":\"-40vh\",\"position\":\"absolute\",\"position_right\":\"-10vw\",\"position_top\":\"-2vh\",\"position_z_index\":\"3\",\"text_align\":\"center\",\"visibility\":\"s\"}},{\"type\":\"image\",\"props\":{\"animation\":\"parallax\",\"css\":\".el-image { min-width: 30vw; }\",\"image\":\"wp-content\\\/uploads\\\/2025\\\/11\\\/roedermark_10.jpg\",\"image_svg_color\":\"emphasis\",\"image_width\":\"510\",\"margin\":\"default\",\"parallax_easing\":\"0.5\",\"parallax_target\":\"!.tm-grid-expand\",\"parallax_transform_origin\":\"center-left\",\"parallax_y\":\"-40vh\",\"position\":\"absolute\",\"position_right\":\"-4vw\",\"position_top\":\"10vh\",\"position_z_index\":\"3\",\"text_align\":\"center\",\"visibility\":\"hidden-s\"}}]},{\"type\":\"column\",\"props\":{\"image_position\":\"center-center\",\"position_sticky_breakpoint\":\"m\",\"vertical_align\":\"middle\",\"width_default\":\"3-5\",\"width_medium\":\"1-3\"},\"children\":[{\"type\":\"image\",\"props\":{\"image\":\"wp-content\\\/uploads\\\/2025\\\/11\\\/roedermark_4.jpg\",\"image_box_decoration\":\"mask\",\"image_svg_color\":\"emphasis\",\"image_width\":\"830\",\"margin\":\"default\",\"position\":\"relative\",\"position_z_index\":\"2\",\"text_align\":\"center\"}}]},{\"type\":\"column\",\"props\":{\"image_position\":\"center-center\",\"position_sticky_breakpoint\":\"m\",\"vertical_align\":\"middle\",\"width_default\":\"1-5\",\"width_medium\":\"1-3\"},\"children\":[{\"type\":\"image\",\"props\":{\"animation\":\"parallax\",\"image\":\"wp-content\\\/uploads\\\/2025\\\/11\\\/roedermark_2.jpg\",\"image_svg_color\":\"emphasis\",\"image_width\":\"670\",\"margin\":\"default\",\"parallax_easing\":\"0.6\",\"parallax_y\":\"-15vh\",\"position\":\"absolute\",\"position_left\":\"-8vw\",\"position_top\":\"-20vh\",\"position_z_index\":\"1\",\"text_align\":\"center\",\"visibility\":\"s\"}},{\"type\":\"image\",\"props\":{\"animation\":\"parallax\",\"css\":\".el-image { min-width: 30vw; }\",\"image\":\"wp-content\\\/uploads\\\/yootheme\\\/home-project-03.jpg\",\"image_svg_color\":\"emphasis\",\"image_width\":\"670\",\"margin\":\"default\",\"parallax_easing\":\"0.6\",\"parallax_target\":\"!.tm-grid-expand\",\"parallax_y\":\"-15vh\",\"position\":\"absolute\",\"position_left\":\"-8vw\",\"position_top\":\"-5vh\",\"position_z_index\":\"1\",\"text_align\":\"center\",\"visibility\":\"hidden-s\"}}]}]}],\"name\":\"Project\"},{\"type\":\"section\",\"props\":{\"image_position\":\"center-center\",\"padding\":\"small\",\"style\":\"muted\",\"title_breakpoint\":\"xl\",\"title_position\":\"top-left\",\"title_rotation\":\"left\",\"vertical_align\":\"middle\",\"width\":\"default\"},\"children\":[{\"type\":\"row\",\"children\":[{\"type\":\"column\",\"props\":{\"image_position\":\"center-center\",\"position_sticky_breakpoint\":\"m\"},\"children\":[{\"type\":\"headline\",\"props\":{\"content\":\"R\\u00f6dermark\",\"title_element\":\"h1\",\"visibility\":\"hidden-s\"}}]}]},{\"type\":\"row\",\"children\":[{\"type\":\"column\",\"props\":{\"image_position\":\"center-center\",\"position_sticky_breakpoint\":\"m\"},\"children\":[{\"type\":\"text\",\"props\":{\"column_breakpoint\":\"m\",\"content\":\"Die Unterkunft ist eine stilvoll eingerichtete 3-Zimmer-Wohnung, die komplett oder als 2-Zimmer- und 1-Zimmer-Einheit vermietet werden kann. Alle R\\u00e4ume sind voll m\\u00f6bliert und mit einer komplett ausgestatteten K\\u00fcche, Kaffeemaschine, Waschmaschine sowie allen wichtigen Haushaltsger\\u00e4ten und Utensilien eingerichtet. Im Innenhof gibt es kostenpflichtige Parkpl\\u00e4tze f\\u00fcr PKW und kleine Transporter; nach Absprache k\\u00f6nnen auch Elektrofahrzeuge abgestellt und geladen werden. Unser internationales Team spricht Deutsch, Englisch, Niederl\\u00e4ndisch und Persisch und unterst\\u00fctzt G\\u00e4ste jederzeit, damit sie sich wie zu Hause f\\u00fchlen.\",\"margin\":\"default\",\"visibility\":\"hidden-s\"}}]}]},{\"type\":\"row\",\"children\":[{\"type\":\"column\",\"props\":{\"image_position\":\"center-center\",\"position_sticky_breakpoint\":\"m\"},\"children\":[{\"type\":\"slideshow\",\"props\":{\"link_style\":\"default\",\"link_text\":\"Read more\",\"margin\":\"default\",\"meta_align\":\"below-title\",\"meta_element\":\"div\",\"meta_style\":\"text-meta\",\"nav\":\"dotnav\",\"nav_align\":\"center\",\"nav_breakpoint\":\"s\",\"nav_position\":\"bottom-center\",\"nav_position_margin\":\"medium\",\"overlay_animation\":\"parallax\",\"overlay_position\":\"center-left\",\"show_content\":true,\"show_link\":true,\"show_meta\":false,\"show_thumbnail\":true,\"show_title\":false,\"slidenav\":\"default\",\"slidenav_breakpoint\":\"s\",\"slidenav_margin\":\"medium\",\"slidenav_outside_breakpoint\":\"xl\",\"slideshow_autoplay_pause\":true,\"slideshow_min_height\":300,\"thumbnav_height\":\"75\",\"thumbnav_svg_color\":\"emphasis\",\"thumbnav_width\":\"100\",\"title_element\":\"h3\",\"title_hover_style\":\"reset\",\"visibility\":\"hidden-s\"},\"children\":[{\"type\":\"slideshow_item\",\"props\":{\"image\":\"wp-content\\\/uploads\\\/2025\\\/11\\\/roedermark_4.jpg\"}},{\"type\":\"slideshow_item\",\"props\":{\"image\":\"wp-content\\\/uploads\\\/2025\\\/11\\\/roedermark_8.jpg\"}},{\"type\":\"slideshow_item\",\"props\":{\"image\":\"wp-content\\\/uploads\\\/2025\\\/11\\\/roedermark_3.jpg\"}},{\"type\":\"slideshow_item\",\"props\":{\"image\":\"wp-content\\\/uploads\\\/2025\\\/11\\\/roedermark_6.jpg\"}},{\"type\":\"slideshow_item\",\"props\":{\"image\":\"wp-content\\\/uploads\\\/2025\\\/11\\\/roedermark_2.jpg\"}},{\"type\":\"slideshow_item\",\"props\":{\"image\":\"wp-content\\\/uploads\\\/2025\\\/11\\\/roedermark_7.jpg\"}},{\"type\":\"slideshow_item\",\"props\":{\"image\":\"wp-content\\\/uploads\\\/2025\\\/11\\\/roedermark_9.jpg\"}},{\"type\":\"slideshow_item\",\"props\":{\"image\":\"wp-content\\\/uploads\\\/2025\\\/11\\\/roedermark_10.jpg\"}},{\"type\":\"slideshow_item\",\"props\":{\"image\":\"wp-content\\\/uploads\\\/2025\\\/11\\\/roedermark_11.jpg\"}},{\"type\":\"slideshow_item\",\"props\":{\"image\":\"wp-content\\\/uploads\\\/2025\\\/11\\\/roedermark_13.jpg\"}},{\"type\":\"slideshow_item\",\"props\":{\"image\":\"wp-content\\\/uploads\\\/2025\\\/11\\\/roedermark_15.jpg\"}},{\"type\":\"slideshow_item\",\"props\":{\"image\":\"wp-content\\\/uploads\\\/2025\\\/11\\\/roedermark_14.jpg\"}}]},{\"type\":\"text\",\"props\":{\"column_breakpoint\":\"m\",\"content\":\"\n\n<p>Mehr Fotos durch Wischen<\\\/p>\",\"margin\":\"default\",\"text_align\":\"center\",\"text_color\":\"muted\",\"visibility\":\"hidden-s\"}}]}]},{\"type\":\"row\",\"children\":[{\"type\":\"column\",\"props\":{\"image_position\":\"center-center\",\"position_sticky_breakpoint\":\"m\"},\"children\":[{\"type\":\"text\",\"props\":{\"column_breakpoint\":\"m\",\"content\":\"Die Wohnung liegt zentral nahe der S-Bahn-Station Ober-Roden mit direkter Verbindung nach Frankfurt. Frankfurt, Darmstadt, Aschaffenburg und der Flughafen sind in 20\\u201335 Minuten erreichbar. Gesch\\u00e4fte und Dienstleistungen des t\\u00e4glichen Bedarfs sind fu\\u00dfl\\u00e4ufig vorhanden. Die ruhige, gut angebundene Lage eignet sich ideal f\\u00fcr Gesch\\u00e4ftsreisende, Pendler und Messebesucher.\",\"margin\":\"default\",\"visibility\":\"hidden-s\"}}]}]},{\"type\":\"row\",\"children\":[{\"type\":\"column\",\"props\":{\"image_position\":\"center-center\",\"position_sticky_breakpoint\":\"m\"},\"children\":[{\"type\":\"button\",\"props\":{\"animation\":\"parallax\",\"grid_column_gap\":\"small\",\"grid_row_gap\":\"small\",\"margin\":\"medium\",\"parallax_target\":\"!.uk-section\",\"parallax_y\":\"0,0 35%,45vh 60%\",\"text_align\":\"center\",\"visibility\":\"hidden-s\"},\"children\":[{\"type\":\"button_item\",\"props\":{\"button_style\":\"primary\",\"content\":\"Buchen\",\"dialog_layout\":\"modal\",\"dialog_offcanvas_flip\":true,\"icon_align\":\"left\",\"link\":\"?page_id=3\"}}]}]}]}],\"name\":\"R\\u00f6dermark Smartphone\"},{\"type\":\"section\",\"props\":{\"image_position\":\"center-center\",\"padding\":\"small\",\"style\":\"muted\",\"title_breakpoint\":\"xl\",\"title_position\":\"top-left\",\"title_rotation\":\"left\",\"vertical_align\":\"middle\",\"width\":\"default\"},\"children\":[{\"type\":\"row\",\"props\":{\"layout\":\"1-5,1-5,1-5,1-5,1-5|1-2,1-2,1-3,1-3,1-3\"},\"children\":[{\"type\":\"column\",\"props\":{\"image_position\":\"center-center\",\"position_sticky_breakpoint\":\"m\",\"width_medium\":\"1-5\",\"width_small\":\"1-2\"},\"children\":[{\"type\":\"headline\",\"props\":{\"content\":\"R\\u00f6dermark\",\"title_element\":\"h1\",\"visibility\":\"s\"}}]},{\"type\":\"column\",\"props\":{\"image_position\":\"center-center\",\"position_sticky_breakpoint\":\"m\",\"width_medium\":\"1-5\",\"width_small\":\"1-2\"},\"children\":[{\"type\":\"button\",\"props\":{\"animation\":\"parallax\",\"grid_column_gap\":\"small\",\"grid_row_gap\":\"small\",\"margin\":\"medium\",\"parallax_target\":\"!.uk-section\",\"parallax_y\":\"0,0 35%,45vh 60%\",\"text_align\":\"center\",\"visibility\":\"s\"},\"children\":[{\"type\":\"button_item\",\"props\":{\"button_style\":\"primary\",\"content\":\"Buchen\",\"dialog_layout\":\"modal\",\"dialog_offcanvas_flip\":true,\"icon_align\":\"left\",\"link\":\"?page_id=3\"}}]}]},{\"type\":\"column\",\"props\":{\"image_position\":\"center-center\",\"position_sticky_breakpoint\":\"m\",\"width_medium\":\"1-5\",\"width_small\":\"1-3\"}},{\"type\":\"column\",\"props\":{\"image_position\":\"center-center\",\"position_sticky_breakpoint\":\"m\",\"width_medium\":\"1-5\",\"width_small\":\"1-3\"}},{\"type\":\"column\",\"props\":{\"image_position\":\"center-center\",\"position_sticky_breakpoint\":\"m\",\"width_medium\":\"1-5\",\"width_small\":\"1-3\"}}]},{\"type\":\"row\",\"props\":{\"layout\":\"1-4,1-4,1-4,1-4|1-2,1-2,1-2,1-2\",\"margin\":\"large\",\"row_gap\":\"large\"},\"children\":[{\"type\":\"column\",\"props\":{\"image_position\":\"center-center\",\"position_sticky_breakpoint\":\"m\",\"width_medium\":\"1-4\",\"width_small\":\"1-2\"},\"children\":[{\"type\":\"headline\",\"props\":{\"content\":\"WLAN Inklusive\",\"text_align\":\"center\",\"title_element\":\"h1\",\"title_style\":\"h6\",\"visibility\":\"s\"}}]},{\"type\":\"column\",\"props\":{\"image_position\":\"center-center\",\"position_sticky_breakpoint\":\"m\",\"width_medium\":\"1-4\",\"width_small\":\"1-2\"},\"children\":[{\"type\":\"headline\",\"props\":{\"content\":\"5 Schlafpl\\u00e4tze\",\"text_align\":\"center\",\"title_element\":\"h1\",\"title_style\":\"h6\",\"visibility\":\"s\"}}]},{\"type\":\"column\",\"props\":{\"image_position\":\"center-center\",\"position_sticky_breakpoint\":\"m\",\"width_medium\":\"1-4\",\"width_small\":\"1-2\"},\"children\":[{\"type\":\"headline\",\"props\":{\"content\":\"Nichtraucher\",\"text_align\":\"center\",\"title_element\":\"h1\",\"title_style\":\"h6\",\"visibility\":\"s\"}}]},{\"type\":\"column\",\"props\":{\"image_position\":\"center-center\",\"position_sticky_breakpoint\":\"m\",\"width_medium\":\"1-4\",\"width_small\":\"1-2\"},\"children\":[{\"type\":\"headline\",\"props\":{\"content\":\"Haustiere erlaubt\",\"text_align\":\"center\",\"title_element\":\"h1\",\"title_style\":\"h6\",\"visibility\":\"s\"}}]}]},{\"type\":\"row\",\"children\":[{\"type\":\"column\",\"props\":{\"image_position\":\"center-center\",\"position_sticky_breakpoint\":\"m\",\"width_medium\":\"1-2\"},\"children\":[{\"type\":\"text\",\"props\":{\"column_breakpoint\":\"m\",\"content\":\"Die Unterkunft ist eine stilvoll eingerichtete 3-Zimmer-Wohnung, die flexibel als gesamtes Apartment oder getrennt als 2-Zimmer- und 1-Zimmer-Einheit vermietet werden kann und ideal f\\u00fcr verschiedene Bed\\u00fcrfnisse ist. Alle R\\u00e4ume sind voll m\\u00f6bliert und umfassend mit Ger\\u00e4ten ausgestattet \\u2013 darunter eine komplett eingerichtete K\\u00fcche, Kaffeemaschine, Waschmaschine sowie verschiedene Haushaltsger\\u00e4te und wichtige Alltagsutensilien, sodass nichts fehlt. Im Innenhof stehen kostenpflichtige Parkpl\\u00e4tze f\\u00fcr PKW und kleine Transporter (VAN) zur Verf\\u00fcgung; nach Absprache k\\u00f6nnen dort auch Elektrofahrzeuge abgestellt und geladen werden.\",\"margin\":\"default\",\"visibility\":\"s\"}}]},{\"type\":\"column\",\"props\":{\"image_position\":\"center-center\",\"position_sticky_breakpoint\":\"m\",\"width_medium\":\"1-2\"},\"children\":[{\"type\":\"slideshow\",\"props\":{\"link_style\":\"default\",\"link_text\":\"Read more\",\"margin\":\"default\",\"meta_align\":\"below-title\",\"meta_element\":\"div\",\"meta_style\":\"text-meta\",\"nav\":\"dotnav\",\"nav_align\":\"center\",\"nav_breakpoint\":\"s\",\"nav_position\":\"bottom-center\",\"nav_position_margin\":\"medium\",\"overlay_animation\":\"parallax\",\"overlay_position\":\"center-left\",\"show_content\":true,\"show_link\":true,\"show_meta\":false,\"show_thumbnail\":true,\"show_title\":false,\"slidenav\":\"default\",\"slidenav_breakpoint\":\"s\",\"slidenav_margin\":\"medium\",\"slidenav_outside_breakpoint\":\"xl\",\"slideshow_autoplay_pause\":true,\"slideshow_min_height\":300,\"thumbnav_height\":\"75\",\"thumbnav_svg_color\":\"emphasis\",\"thumbnav_width\":\"100\",\"title_element\":\"h3\",\"title_hover_style\":\"reset\",\"visibility\":\"s\"},\"children\":[{\"type\":\"slideshow_item\",\"props\":{\"image\":\"wp-content\\\/uploads\\\/2025\\\/11\\\/roedermark_4.jpg\"}},{\"type\":\"slideshow_item\",\"props\":{\"image\":\"wp-content\\\/uploads\\\/2025\\\/11\\\/roedermark_8.jpg\"}},{\"type\":\"slideshow_item\",\"props\":{\"image\":\"wp-content\\\/uploads\\\/2025\\\/11\\\/roedermark_3.jpg\"}},{\"type\":\"slideshow_item\",\"props\":{\"image\":\"wp-content\\\/uploads\\\/2025\\\/11\\\/roedermark_6.jpg\"}},{\"type\":\"slideshow_item\",\"props\":{\"image\":\"wp-content\\\/uploads\\\/2025\\\/11\\\/roedermark_2.jpg\"}},{\"type\":\"slideshow_item\",\"props\":{\"image\":\"wp-content\\\/uploads\\\/2025\\\/11\\\/roedermark_7.jpg\"}},{\"type\":\"slideshow_item\",\"props\":{\"image\":\"wp-content\\\/uploads\\\/2025\\\/11\\\/roedermark_9.jpg\"}},{\"type\":\"slideshow_item\",\"props\":{\"image\":\"wp-content\\\/uploads\\\/2025\\\/11\\\/roedermark_10.jpg\"}},{\"type\":\"slideshow_item\",\"props\":{\"image\":\"wp-content\\\/uploads\\\/2025\\\/11\\\/roedermark_11.jpg\"}},{\"type\":\"slideshow_item\",\"props\":{\"image\":\"wp-content\\\/uploads\\\/2025\\\/11\\\/roedermark_13.jpg\"}},{\"type\":\"slideshow_item\",\"props\":{\"image\":\"wp-content\\\/uploads\\\/2025\\\/11\\\/roedermark_15.jpg\"}},{\"type\":\"slideshow_item\",\"props\":{\"image\":\"wp-content\\\/uploads\\\/2025\\\/11\\\/roedermark_14.jpg\"}}]}]}],\"props\":{\"layout\":\"1-2,1-2\"}},{\"type\":\"row\",\"children\":[{\"type\":\"column\",\"props\":{\"image_position\":\"center-center\",\"position_sticky_breakpoint\":\"m\"},\"children\":[{\"type\":\"text\",\"props\":{\"column_breakpoint\":\"m\",\"content\":\"\n\n<p> Wir sind ein internationales, herzliches Gastgeber-Team und sprechen Deutsch, Englisch, Niederl\\u00e4ndisch und Persisch. Wir unterst\\u00fctzen unsere G\\u00e4ste jederzeit und m\\u00f6chten, dass Sie sich bei uns wie zu Hause f\\u00fchlen.\\n\\n\n\n<p> Die Wohnung liegt zentral nahe der S-Bahn-Station Ober-Roden mit direkter Verbindung nach Frankfurt. Frankfurt, Darmstadt, Aschaffenburg und der Flughafen sind in 20\\u201335 Minuten erreichbar. In der Umgebung finden Sie zahlreiche Gesch\\u00e4fte und Dienstleistungen des t\\u00e4glichen Bedarfs \\u2013 alles fu\\u00dfl\\u00e4ufig. Die Lage ist ruhig und zugleich ideal angebunden, perfekt f\\u00fcr Gesch\\u00e4ftsreisende, Pendler und Messebesucher.<\\\/p>\",\"margin\":\"default\",\"visibility\":\"s\"}}]}]}],\"name\":\"R\\u00f6dermark\"},{\"type\":\"section\",\"props\":{\"image_position\":\"center-center\",\"padding\":\"xsmall\",\"style\":\"muted\",\"title_breakpoint\":\"xl\",\"title_position\":\"top-left\",\"title_rotation\":\"left\",\"vertical_align\":\"middle\",\"width\":\"default\"},\"children\":[{\"type\":\"row\",\"children\":[{\"type\":\"column\",\"props\":{\"image_position\":\"center-center\",\"position_sticky_breakpoint\":\"m\"}}]}]}],\"version\":\"4.5.21\"} --><\/p>\n","protected":false},"excerpt":{"rendered":"<p>Bequeme Apartments nahe Frankfurt Ankommen und wohlf\u00fchlen \u2013 unser modern ausgestattetes Apartment nahe Frankfurt bietet Ihnen Komfort, Ruhe und eine hervorragende Lage, ideal f\u00fcr Gesch\u00e4ftsreisen, St\u00e4dtetrips oder l\u00e4ngere Aufenthalte. Buchen R\u00f6dermark Die Unterkunft ist eine stilvoll eingerichtete 3-Zimmer-Wohnung, die komplett oder als 2-Zimmer- und 1-Zimmer-Einheit vermietet werden kann. Alle R\u00e4ume sind voll m\u00f6bliert und mit [&hellip;]<\/p>\n","protected":false},"author":1,"featured_media":0,"parent":0,"menu_order":2,"comment_status":"closed","ping_status":"closed","template":"","meta":{"_acf_changed":false,"content-type":"","footnotes":""},"class_list":["post-1","page","type-page","status-publish","hentry"],"acf":[],"jetpack_sharing_enabled":true,"_links":{"self":[{"href":"https:\/\/immoshare-frankfurt.com\/index.php?rest_route=\/wp\/v2\/pages\/1","targetHints":{"allow":["GET"]}}],"collection":[{"href":"https:\/\/immoshare-frankfurt.com\/index.php?rest_route=\/wp\/v2\/pages"}],"about":[{"href":"https:\/\/immoshare-frankfurt.com\/index.php?rest_route=\/wp\/v2\/types\/page"}],"author":[{"embeddable":true,"href":"https:\/\/immoshare-frankfurt.com\/index.php?rest_route=\/wp\/v2\/users\/1"}],"replies":[{"embeddable":true,"href":"https:\/\/immoshare-frankfurt.com\/index.php?rest_route=%2Fwp%2Fv2%2Fcomments&post=1"}],"version-history":[{"count":68,"href":"https:\/\/immoshare-frankfurt.com\/index.php?rest_route=\/wp\/v2\/pages\/1\/revisions"}],"predecessor-version":[{"id":2371,"href":"https:\/\/immoshare-frankfurt.com\/index.php?rest_route=\/wp\/v2\/pages\/1\/revisions\/2371"}],"wp:attachment":[{"href":"https:\/\/immoshare-frankfurt.com\/index.php?rest_route=%2Fwp%2Fv2%2Fmedia&parent=1"}],"curies":[{"name":"wp","href":"https:\/\/api.w.org\/{rel}","templated":true}]}}